{"id":13,"date":"2019-04-20T20:05:07","date_gmt":"2019-04-20T18:05:07","guid":{"rendered":"http:\/\/samuel-loussouarn.com\/?page_id=13"},"modified":"2023-07-27T11:05:57","modified_gmt":"2023-07-27T09:05:57","slug":"lauteur","status":"publish","type":"page","link":"https:\/\/samuel-loussouarn.com\/index.php\/lauteur\/","title":{"rendered":"Qui suis-je ?"},"content":{"rendered":"<div id=\"fb-root\"><\/div>\n\n<div class=\"wp-block-image\"><figure class=\"alignleft is-resized\"><img loading=\"lazy\" src=\"http:\/\/samuel-loussouarn.com\/wp-content\/uploads\/2019\/04\/portrait-hd-21-1-683x1024.jpg\" alt=\"\" class=\"wp-image-34\" width=\"168\" height=\"252\" srcset=\"https:\/\/samuel-loussouarn.com\/wp-content\/uploads\/2019\/04\/portrait-hd-21-1-683x1024.jpg 683w, https:\/\/samuel-loussouarn.com\/wp-content\/uploads\/2019\/04\/portrait-hd-21-1-600x900.jpg 600w, https:\/\/samuel-loussouarn.com\/wp-content\/uploads\/2019\/04\/portrait-hd-21-1-200x300.jpg 200w, https:\/\/samuel-loussouarn.com\/wp-content\/uploads\/2019\/04\/portrait-hd-21-1-768x1152.jpg 768w, https:\/\/samuel-loussouarn.com\/wp-content\/uploads\/2019\/04\/portrait-hd-21-1-scaled.jpg 1707w\" sizes=\"(max-width: 168px) 100vw, 168px\" \/><figcaption>\u00a9 <a href=\"http:\/\/www.mathieulacroix.fr\/\">Mathieu Lacroix<\/a><\/figcaption><\/figure><\/div>\n\n\n\n<p>Samuel Loussouarn est auteur-traducteur de litt\u00e9rature jeunesse et sc\u00e9nariste-r\u00e9alisateur de courts m\u00e9trages.  Il a obtenu un master d&#8217;anglais, chant\u00e9 dans un groupe de rock et sillonn\u00e9 la Nouvelle Z\u00e9lande \u00e0 bord d&#8217;un bibliovan. Il r\u00eave de trouver la formule qui conclurait sa biographie sur une note pleine d&#8217;esprit.<\/p>\n\n\n\n<p><em>Ses romans sont publi\u00e9s chez Hachette, Nathan, Fleurus et Michel Lafon. Ses traductions de l&#8217;anglais vers le fran\u00e7ais sont publi\u00e9es chez Hachette, Milan, Larousse et Nathan.<\/em><\/p>\n\n\n\n<div class=\"wp-block-image\"><figure class=\"aligncenter is-resized\"><a href=\"https:\/\/www.facebook.com\/samuelloussouarnauteur\" target=\"_blank\" rel=\"noreferrer noopener\"><img loading=\"lazy\" src=\"http:\/\/samuel-loussouarn.com\/wp-content\/uploads\/2019\/05\/1485482214-facebook_78681.png\" alt=\"\" class=\"wp-image-351\" width=\"28\" height=\"28\" srcset=\"https:\/\/samuel-loussouarn.com\/wp-content\/uploads\/2019\/05\/1485482214-facebook_78681.png 512w, https:\/\/samuel-loussouarn.com\/wp-content\/uploads\/2019\/05\/1485482214-facebook_78681-300x300.png 300w, https:\/\/samuel-loussouarn.com\/wp-content\/uploads\/2019\/05\/1485482214-facebook_78681-100x100.png 100w, https:\/\/samuel-loussouarn.com\/wp-content\/uploads\/2019\/05\/1485482214-facebook_78681-150x150.png 150w\" sizes=\"(max-width: 28px) 100vw, 28px\" \/><\/a><\/figure><\/div>\n\n\n\n<p><\/p>\n\n\n\n<p><\/p>\n\n\n\n<p><\/p>\n\n\n\n<p>Une question ? Un projet ? Un secret ? \u00c9crivez-moi \u00e0 samuel-loussouarn[@]hotmail.com<\/p>\n\n\n\n<p><\/p>\n","protected":false},"excerpt":{"rendered":"<p>Samuel Loussouarn est auteur-traducteur de litt\u00e9rature jeunesse et sc\u00e9nariste-r\u00e9alisateur de courts m\u00e9trages. Il a obtenu un master d&#8217;anglais, chant\u00e9 dans un groupe de rock et sillonn\u00e9 la Nouvelle Z\u00e9lande \u00e0 bord d&#8217;un bibliovan. Il r\u00eave de trouver la formule qui conclurait sa biographie sur une note pleine d&#8217;esprit. Ses romans sont publi\u00e9s chez Hachette, Nathan, [&hellip;]<\/p>\n","protected":false},"author":1,"featured_media":0,"parent":0,"menu_order":0,"comment_status":"closed","ping_status":"closed","template":"nosidebar-page.php","meta":{"spay_email":""},"_links":{"self":[{"href":"https:\/\/samuel-loussouarn.com\/index.php\/wp-json\/wp\/v2\/pages\/13"}],"collection":[{"href":"https:\/\/samuel-loussouarn.com\/index.php\/wp-json\/wp\/v2\/pages"}],"about":[{"href":"https:\/\/samuel-loussouarn.com\/index.php\/wp-json\/wp\/v2\/types\/page"}],"author":[{"embeddable":true,"href":"https:\/\/samuel-loussouarn.com\/index.php\/wp-json\/wp\/v2\/users\/1"}],"replies":[{"embeddable":true,"href":"https:\/\/samuel-loussouarn.com\/index.php\/wp-json\/wp\/v2\/comments?post=13"}],"version-history":[{"count":18,"href":"https:\/\/samuel-loussouarn.com\/index.php\/wp-json\/wp\/v2\/pages\/13\/revisions"}],"predecessor-version":[{"id":844,"href":"https:\/\/samuel-loussouarn.com\/index.php\/wp-json\/wp\/v2\/pages\/13\/revisions\/844"}],"wp:attachment":[{"href":"https:\/\/samuel-loussouarn.com\/index.php\/wp-json\/wp\/v2\/media?parent=13"}],"curies":[{"name":"wp","href":"https:\/\/api.w.org\/{rel}","templated":true}]}}