{"id":137,"date":"2019-04-22T19:40:22","date_gmt":"2019-04-22T17:40:22","guid":{"rendered":"http:\/\/samuel-loussouarn.com\/?page_id=137"},"modified":"2021-09-06T11:47:31","modified_gmt":"2021-09-06T09:47:31","slug":"all-black-academy-tome-1-un-reve-de-champion","status":"publish","type":"page","link":"https:\/\/samuel-loussouarn.com\/index.php\/all-black-academy-tome-1-un-reve-de-champion\/","title":{"rendered":"All Blacks Academy 1"},"content":{"rendered":"<div id=\"fb-root\"><\/div>\n\n<div class=\"wp-block-media-text alignwide is-stacked-on-mobile\" style=\"grid-template-columns:23% auto\"><figure class=\"wp-block-media-text__media\"><img loading=\"lazy\" width=\"642\" height=\"1024\" src=\"http:\/\/samuel-loussouarn.com\/wp-content\/uploads\/2019\/04\/AB-tome12-1-2-642x1024.jpg\" alt=\"\" class=\"wp-image-189 size-full\" srcset=\"https:\/\/samuel-loussouarn.com\/wp-content\/uploads\/2019\/04\/AB-tome12-1-2-642x1024.jpg 642w, https:\/\/samuel-loussouarn.com\/wp-content\/uploads\/2019\/04\/AB-tome12-1-2-600x957.jpg 600w, https:\/\/samuel-loussouarn.com\/wp-content\/uploads\/2019\/04\/AB-tome12-1-2-188x300.jpg 188w, https:\/\/samuel-loussouarn.com\/wp-content\/uploads\/2019\/04\/AB-tome12-1-2-768x1225.jpg 768w, https:\/\/samuel-loussouarn.com\/wp-content\/uploads\/2019\/04\/AB-tome12-1-2.jpg 1592w\" sizes=\"(max-width: 642px) 100vw, 642px\" \/><\/figure><div class=\"wp-block-media-text__content\">\n<p><strong>\u00c9diteur :<\/strong> Hachette Romans Jeunesse<br><strong>Date de parution :<\/strong> 28 ao\u00fbt 2019<br><strong>ISBN : <\/strong>978-2016212691<br><strong>Genres :<\/strong> action, com\u00e9die<br><em>Roman junior d\u00e8s 9 ans<br>176 pages<\/em><br><br><br><\/p>\n\n\n\n<div class=\"wp-block-button is-style-default\"><a class=\"wp-block-button__link has-text-color has-background has-vivid-cyan-blue-background-color\" href=\"https:\/\/www.librairiesindependantes.com\/product\/9782016212691\/\" target=\"_blank\" style=\"color:#f7f1f1\" rel=\"noopener noreferrer\">En vente ici<br><\/a><\/div>\n<\/div><\/div>\n\n\n\n<p><strong>R\u00e9sum\u00e9 : <\/strong><\/p>\n\n\n\n<p>Moi, c\u2019est Lucas. Le rugby, j\u2019ai \u00e7a dans le sang : ma grand-m\u00e8re vient de Nouvelle-Z\u00e9lande, le pays des All Blacks, la meilleure \u00e9quipe du monde !<\/p>\n\n\n\n<p>Alors forc\u00e9ment, j\u2019ai un r\u00eave : celui de d\u00e9crocher un ticket pour la All Blacks Academy, l\u2019\u00e9cole qui forme les champions de demain.<\/p>\n\n\n\n<p>Il y a juste un tout petit probl\u00e8me : je suis plut\u00f4t du genre gringalet, et tr\u00e8s timide\u2026 Et le club de rugby local n\u2019a pas voulu de moi. Sauf que, sans club, je n\u2019ai aucune chance d\u2019int\u00e9grer l\u2019Academy\u2026<\/p>\n\n\n\n<p>Une seule solution : monter ma propre \u00e9quipe. Avec ma cousine Jade, mon copain Elliott et une super bande d\u2019amis, tout devient possible. M\u00eame si Mathis, mon plus grand rival, est pr\u00eat \u00e0 tout pour que j\u2019\u00e9choue\u2026<\/p>\n","protected":false},"excerpt":{"rendered":"<p>\u00c9diteur : Hachette Romans JeunesseDate de parution : 28 ao\u00fbt 2019ISBN : 978-2016212691Genres : action, com\u00e9dieRoman junior d\u00e8s 9 ans176 pages En vente ici R\u00e9sum\u00e9 : Moi, c\u2019est Lucas. Le rugby, j\u2019ai \u00e7a dans le sang : ma grand-m\u00e8re vient de Nouvelle-Z\u00e9lande, le pays des All Blacks, la meilleure \u00e9quipe du monde ! Alors forc\u00e9ment, [&hellip;]<\/p>\n","protected":false},"author":1,"featured_media":0,"parent":0,"menu_order":0,"comment_status":"closed","ping_status":"closed","template":"nosidebar-page.php","meta":{"spay_email":""},"_links":{"self":[{"href":"https:\/\/samuel-loussouarn.com\/index.php\/wp-json\/wp\/v2\/pages\/137"}],"collection":[{"href":"https:\/\/samuel-loussouarn.com\/index.php\/wp-json\/wp\/v2\/pages"}],"about":[{"href":"https:\/\/samuel-loussouarn.com\/index.php\/wp-json\/wp\/v2\/types\/page"}],"author":[{"embeddable":true,"href":"https:\/\/samuel-loussouarn.com\/index.php\/wp-json\/wp\/v2\/users\/1"}],"replies":[{"embeddable":true,"href":"https:\/\/samuel-loussouarn.com\/index.php\/wp-json\/wp\/v2\/comments?post=137"}],"version-history":[{"count":11,"href":"https:\/\/samuel-loussouarn.com\/index.php\/wp-json\/wp\/v2\/pages\/137\/revisions"}],"predecessor-version":[{"id":651,"href":"https:\/\/samuel-loussouarn.com\/index.php\/wp-json\/wp\/v2\/pages\/137\/revisions\/651"}],"wp:attachment":[{"href":"https:\/\/samuel-loussouarn.com\/index.php\/wp-json\/wp\/v2\/media?parent=137"}],"curies":[{"name":"wp","href":"https:\/\/api.w.org\/{rel}","templated":true}]}}