{"id":144,"date":"2019-04-22T19:51:39","date_gmt":"2019-04-22T17:51:39","guid":{"rendered":"http:\/\/samuel-loussouarn.com\/?page_id=144"},"modified":"2021-09-06T11:48:00","modified_gmt":"2021-09-06T09:48:00","slug":"all-blacks-academy-tome-2-voyage-en-terre-de-rugby","status":"publish","type":"page","link":"https:\/\/samuel-loussouarn.com\/index.php\/all-blacks-academy-tome-2-voyage-en-terre-de-rugby\/","title":{"rendered":"All Blacks Academy 2"},"content":{"rendered":"<div id=\"fb-root\"><\/div>\n\n<div class=\"wp-block-media-text alignwide is-stacked-on-mobile\" style=\"grid-template-columns:23% auto\"><figure class=\"wp-block-media-text__media\"><img loading=\"lazy\" width=\"642\" height=\"1024\" src=\"http:\/\/samuel-loussouarn.com\/wp-content\/uploads\/2019\/04\/AB-tome21-1-1-642x1024.jpg\" alt=\"\" class=\"wp-image-190 size-full\" srcset=\"https:\/\/samuel-loussouarn.com\/wp-content\/uploads\/2019\/04\/AB-tome21-1-1-642x1024.jpg 642w, https:\/\/samuel-loussouarn.com\/wp-content\/uploads\/2019\/04\/AB-tome21-1-1-600x957.jpg 600w, https:\/\/samuel-loussouarn.com\/wp-content\/uploads\/2019\/04\/AB-tome21-1-1-188x300.jpg 188w, https:\/\/samuel-loussouarn.com\/wp-content\/uploads\/2019\/04\/AB-tome21-1-1-768x1225.jpg 768w, https:\/\/samuel-loussouarn.com\/wp-content\/uploads\/2019\/04\/AB-tome21-1-1.jpg 1592w\" sizes=\"(max-width: 642px) 100vw, 642px\" \/><\/figure><div class=\"wp-block-media-text__content\">\n<p><strong>\u00c9diteur :<\/strong> Hachette Romans Jeunesse<br><strong>Date de parution :<\/strong> 28 ao\u00fbt 2019<br><strong>ISBN : <\/strong>978-2017099680<br><strong>Genres :<\/strong> action, com\u00e9die<br><em>Roman junior d\u00e8s 9 ans<br>176 pages<\/em><br><br><br><\/p>\n\n\n\n<div class=\"wp-block-button is-style-default\"><a class=\"wp-block-button__link has-text-color has-background has-vivid-cyan-blue-background-color\" href=\"https:\/\/www.librairiesindependantes.com\/product\/9782017099680\/\" target=\"_blank\" style=\"color:#f7f1f1\" rel=\"noopener noreferrer\">En vente ici<br><\/a><\/div>\n<\/div><\/div>\n\n\n\n<p><strong>R\u00e9sum\u00e9 :<\/strong><br><br>La nouvelle ann\u00e9e commence d\u2019une fa\u00e7on que je n\u2019oublierai jamais. Je suis dans un avion, direction la Nouvelle-Z\u00e9lande : les six prochains mois, je vais les passer \u00e0 la All Blacks Academy, pour perfectionner mon rugby avec les pros !<\/p>\n\n\n\n<p>Le r\u00eave\u2026 ou presque : Mathis, mon rival de toujours, me met des b\u00e2tons dans les roues. Et mes co\u00e9quipiers venus des quatre coins du monde n\u2019arrivent pas \u00e0 s\u2019entendre.<\/p>\n\n\n\n<p>Je n\u2019ai pas fait tout ce chemin pour que l\u2019aventure s\u2019arr\u00eate l\u00e0 ! Heureusement, je peux compter sur ma cousine Jade, mon copain Elliott et ma grand-m\u00e8re Iriaka pour me remonter le moral et souder notre \u00e9quipe. <\/p>\n\n\n\n<p>Au programme : entra\u00eenements intensifs,\nbalades en pleine nature, et franches rigolades.\nDe quoi faire de nous des graines de champions !\n<\/p>\n","protected":false},"excerpt":{"rendered":"<p>R\u00e9sum\u00e9 : La nouvelle ann\u00e9e commence d\u2019une fa\u00e7on que je n\u2019oublierai jamais. Je suis dans un avion, direction la Nouvelle-Z\u00e9lande : les six prochains mois, je vais les passer \u00e0 la All Blacks Academy, pour perfectionner mon rugby avec les pros ! Le r\u00eave\u2026 ou presque : Mathis, mon rival de toujours, me met des [&hellip;]<\/p>\n","protected":false},"author":1,"featured_media":0,"parent":0,"menu_order":0,"comment_status":"closed","ping_status":"closed","template":"nosidebar-page.php","meta":{"spay_email":""},"_links":{"self":[{"href":"https:\/\/samuel-loussouarn.com\/index.php\/wp-json\/wp\/v2\/pages\/144"}],"collection":[{"href":"https:\/\/samuel-loussouarn.com\/index.php\/wp-json\/wp\/v2\/pages"}],"about":[{"href":"https:\/\/samuel-loussouarn.com\/index.php\/wp-json\/wp\/v2\/types\/page"}],"author":[{"embeddable":true,"href":"https:\/\/samuel-loussouarn.com\/index.php\/wp-json\/wp\/v2\/users\/1"}],"replies":[{"embeddable":true,"href":"https:\/\/samuel-loussouarn.com\/index.php\/wp-json\/wp\/v2\/comments?post=144"}],"version-history":[{"count":13,"href":"https:\/\/samuel-loussouarn.com\/index.php\/wp-json\/wp\/v2\/pages\/144\/revisions"}],"predecessor-version":[{"id":652,"href":"https:\/\/samuel-loussouarn.com\/index.php\/wp-json\/wp\/v2\/pages\/144\/revisions\/652"}],"wp:attachment":[{"href":"https:\/\/samuel-loussouarn.com\/index.php\/wp-json\/wp\/v2\/media?parent=144"}],"curies":[{"name":"wp","href":"https:\/\/api.w.org\/{rel}","templated":true}]}}