{"id":167,"date":"2019-04-29T14:42:48","date_gmt":"2019-04-29T12:42:48","guid":{"rendered":"http:\/\/samuel-loussouarn.com\/?page_id=167"},"modified":"2021-06-18T15:48:01","modified_gmt":"2021-06-18T13:48:01","slug":"ma-playlist-pour-un-french-kiss","status":"publish","type":"page","link":"https:\/\/samuel-loussouarn.com\/index.php\/ma-playlist-pour-un-french-kiss\/","title":{"rendered":"Ma playlist pour un French kiss"},"content":{"rendered":"<div id=\"fb-root\"><\/div>\n\n<div class=\"wp-block-media-text alignwide\" style=\"grid-template-columns:29% auto\"><figure class=\"wp-block-media-text__media\"><img loading=\"lazy\" width=\"672\" height=\"1024\" src=\"http:\/\/samuel-loussouarn.com\/wp-content\/uploads\/2020\/02\/Ma-Playlist-Cover-672x1024.jpg\" alt=\"\" class=\"wp-image-492\" srcset=\"https:\/\/samuel-loussouarn.com\/wp-content\/uploads\/2020\/02\/Ma-Playlist-Cover-672x1024.jpg 672w, https:\/\/samuel-loussouarn.com\/wp-content\/uploads\/2020\/02\/Ma-Playlist-Cover-600x914.jpg 600w, https:\/\/samuel-loussouarn.com\/wp-content\/uploads\/2020\/02\/Ma-Playlist-Cover-197x300.jpg 197w, https:\/\/samuel-loussouarn.com\/wp-content\/uploads\/2020\/02\/Ma-Playlist-Cover-768x1170.jpg 768w, https:\/\/samuel-loussouarn.com\/wp-content\/uploads\/2020\/02\/Ma-Playlist-Cover-scaled.jpg 1681w\" sizes=\"(max-width: 672px) 100vw, 672px\" \/><\/figure><div class=\"wp-block-media-text__content\">\n<p><strong>\u00c9diteur :<\/strong> Nathan<br><strong>Date de parution : <\/strong>18 mars 2021<br><strong>ISBN : <\/strong>978-2092591499<br><strong>Genre :<\/strong> com\u00e9die romantique rock\/girl power<br><em>Roman young adult d\u00e8s 13 ans<br>296 pages<\/em><br><br><br><\/p>\n\n\n\n<div class=\"wp-block-button is-style-default\"><a class=\"wp-block-button__link has-text-color has-background has-vivid-cyan-blue-background-color\" target=\"_blank\" href=\"https:\/\/www.librairiesindependantes.com\/product\/9782092591499\/\" style=\"color:#f7f1f1\" rel=\"noopener noreferrer\">En vente ici<br><\/a><\/div>\n<\/div><\/div>\n\n\n\n<p><strong>R\u00e9sum\u00e9<\/strong><\/p>\n\n\n\n<p>C\u00e9leste, 17 ans, est pr\u00eate \u00e0 tout pour enfin conna\u00eetre le grand amour. Comme par exemple conqu\u00e9rir son correspondant anglais en montant un groupe de rock. Un plan sans faille, \u00e0 deux d\u00e9tails pr\u00e8s : elle n&#8217;y conna\u00eet rien en rock et ne joue d&#8217;aucun instrument.<br><\/p>\n\n\n\n<p>Le happy-end est loin d\u2019\u00eatre garanti\u2026<\/p>\n","protected":false},"excerpt":{"rendered":"<p>\u00c9diteur : NathanDate de parution : 18 mars 2021ISBN : 978-2092591499Genre : com\u00e9die romantique rock\/girl powerRoman young adult d\u00e8s 13 ans296 pages En vente ici R\u00e9sum\u00e9 C\u00e9leste, 17 ans, est pr\u00eate \u00e0 tout pour enfin conna\u00eetre le grand amour. Comme par exemple conqu\u00e9rir son correspondant anglais en montant un groupe de rock. Un plan sans [&hellip;]<\/p>\n","protected":false},"author":1,"featured_media":0,"parent":0,"menu_order":0,"comment_status":"closed","ping_status":"closed","template":"","meta":{"spay_email":""},"_links":{"self":[{"href":"https:\/\/samuel-loussouarn.com\/index.php\/wp-json\/wp\/v2\/pages\/167"}],"collection":[{"href":"https:\/\/samuel-loussouarn.com\/index.php\/wp-json\/wp\/v2\/pages"}],"about":[{"href":"https:\/\/samuel-loussouarn.com\/index.php\/wp-json\/wp\/v2\/types\/page"}],"author":[{"embeddable":true,"href":"https:\/\/samuel-loussouarn.com\/index.php\/wp-json\/wp\/v2\/users\/1"}],"replies":[{"embeddable":true,"href":"https:\/\/samuel-loussouarn.com\/index.php\/wp-json\/wp\/v2\/comments?post=167"}],"version-history":[{"count":20,"href":"https:\/\/samuel-loussouarn.com\/index.php\/wp-json\/wp\/v2\/pages\/167\/revisions"}],"predecessor-version":[{"id":549,"href":"https:\/\/samuel-loussouarn.com\/index.php\/wp-json\/wp\/v2\/pages\/167\/revisions\/549"}],"wp:attachment":[{"href":"https:\/\/samuel-loussouarn.com\/index.php\/wp-json\/wp\/v2\/media?parent=167"}],"curies":[{"name":"wp","href":"https:\/\/api.w.org\/{rel}","templated":true}]}}