{"id":17,"date":"2019-04-20T20:05:07","date_gmt":"2019-04-20T18:05:07","guid":{"rendered":"http:\/\/samuel-loussouarn.com\/?page_id=17"},"modified":"2024-06-27T16:41:02","modified_gmt":"2024-06-27T14:41:02","slug":"interventions","status":"publish","type":"page","link":"https:\/\/samuel-loussouarn.com\/index.php\/interventions\/","title":{"rendered":"Interventions"},"content":{"rendered":"<div id=\"fb-root\"><\/div>\n\n<p class=\"has-text-align-left\">En tant qu&#8217;auteur, je propose des interventions sur l&#8217;\u00e9criture et la traduction pour tous types de public, dans diff\u00e9rents formats.<\/p>\n\n\n\n<div class=\"wp-block-media-text alignwide is-stacked-on-mobile\"><figure class=\"wp-block-media-text__media\"><img loading=\"lazy\" width=\"1024\" height=\"768\" src=\"https:\/\/samuel-loussouarn.com\/wp-content\/uploads\/2023\/07\/WhatsApp-Image-2023-01-13-at-16.40.201.jpeg\" alt=\"\" class=\"wp-image-836 size-full\" srcset=\"https:\/\/samuel-loussouarn.com\/wp-content\/uploads\/2023\/07\/WhatsApp-Image-2023-01-13-at-16.40.201.jpeg 1024w, https:\/\/samuel-loussouarn.com\/wp-content\/uploads\/2023\/07\/WhatsApp-Image-2023-01-13-at-16.40.201-300x225.jpeg 300w, https:\/\/samuel-loussouarn.com\/wp-content\/uploads\/2023\/07\/WhatsApp-Image-2023-01-13-at-16.40.201-768x576.jpeg 768w, https:\/\/samuel-loussouarn.com\/wp-content\/uploads\/2023\/07\/WhatsApp-Image-2023-01-13-at-16.40.201-400x300.jpeg 400w, https:\/\/samuel-loussouarn.com\/wp-content\/uploads\/2023\/07\/WhatsApp-Image-2023-01-13-at-16.40.201-600x450.jpeg 600w\" sizes=\"(max-width: 1024px) 100vw, 1024px\" \/><\/figure><div class=\"wp-block-media-text__content\">\n<p class=\"has-normal-font-size\"><strong>D\u00e9fi &#8220;\u00c9cris ta s\u00e9rie<\/strong>&#8220;<\/p>\n\n\n\n<p class=\"has-small-font-size\">Lyc\u00e9e Atlantique de Lu\u00e7on \u2013 2023<\/p>\n\n\n\n<p class=\"has-small-font-size\">CNC \/ Creative Maker<\/p>\n<\/div><\/div>\n\n\n\n<p><strong>D\u00e9couverte du m\u00e9tier d&#8217;auteur (1h ou 1h30, \u00e0 partir de 8 ans)<\/strong><br><em>Pr\u00e9sentation de mon parcours et du travail d\u2019auteur (Powerpoint), questions\/r\u00e9ponses <\/em><\/p>\n\n\n\n<p><strong>D\u00e9couverte du m\u00e9tier de traducteur (1h ou 1h30, \u00e0 partir de 14 ans)<\/strong><br><em>Pr\u00e9sentation de mon parcours et du travail de traducteur (Powerpoint), questions\/r\u00e9ponses <\/em><\/p>\n\n\n\n<p><strong>D\u00e9couverte du m\u00e9tier de sc\u00e9nariste (1h ou 1h30, \u00e0 partir de 14 ans)<\/strong><br><em>Pr\u00e9sentation de mon parcours et du travail de sc\u00e9nariste (Powerpoint), questions\/r\u00e9ponses <\/em><\/p>\n\n\n\n<p><strong>Atelier d&#8217;\u00e9criture (2h par s\u00e9ance, 2hx4 pour un atelier complet, \u00e0 partir de 9 ans)<\/strong><br><em>Production de texte sous diff\u00e9rentes formes (biographie, dialogue, genre \u00e9pistolaire, sc\u00e9nario&#8230;) par le biais du jeu. Groupe de 12 maximum.<\/em><\/p>\n\n\n\n<p><strong>Rencontre sur un livre en particulier (1h ou 1h30, \u00e0 partir de 8 ans)<\/strong><br><em>Pr\u00e9sentation d\u2019un roman, questions\/r\u00e9ponses <\/em><\/p>\n\n\n\n<div class=\"wp-block-media-text alignwide is-stacked-on-mobile\"><figure class=\"wp-block-media-text__media\"><img loading=\"lazy\" width=\"1024\" height=\"768\" src=\"https:\/\/samuel-loussouarn.com\/wp-content\/uploads\/2023\/07\/2016-03-02-04-Invercargill-53-1024x768.jpg\" alt=\"\" class=\"wp-image-838 size-full\" srcset=\"https:\/\/samuel-loussouarn.com\/wp-content\/uploads\/2023\/07\/2016-03-02-04-Invercargill-53-1024x768.jpg 1024w, https:\/\/samuel-loussouarn.com\/wp-content\/uploads\/2023\/07\/2016-03-02-04-Invercargill-53-300x225.jpg 300w, https:\/\/samuel-loussouarn.com\/wp-content\/uploads\/2023\/07\/2016-03-02-04-Invercargill-53-768x576.jpg 768w, https:\/\/samuel-loussouarn.com\/wp-content\/uploads\/2023\/07\/2016-03-02-04-Invercargill-53-1536x1152.jpg 1536w, https:\/\/samuel-loussouarn.com\/wp-content\/uploads\/2023\/07\/2016-03-02-04-Invercargill-53-2048x1536.jpg 2048w, https:\/\/samuel-loussouarn.com\/wp-content\/uploads\/2023\/07\/2016-03-02-04-Invercargill-53-400x300.jpg 400w, https:\/\/samuel-loussouarn.com\/wp-content\/uploads\/2023\/07\/2016-03-02-04-Invercargill-53-600x450.jpg 600w\" sizes=\"(max-width: 1024px) 100vw, 1024px\" \/><\/figure><div class=\"wp-block-media-text__content\">\n<p class=\"has-normal-font-size\"><strong>My Little French Bookvan<\/strong><\/p>\n\n\n\n<p class=\"has-small-font-size\">Nouvelle-Z\u00e9lande \u2013 2016<\/p>\n<\/div><\/div>\n\n\n\n<div class=\"wp-block-media-text alignwide has-media-on-the-right is-stacked-on-mobile\"><figure class=\"wp-block-media-text__media\"><img loading=\"lazy\" width=\"1024\" height=\"768\" src=\"https:\/\/samuel-loussouarn.com\/wp-content\/uploads\/2023\/07\/2016-03-02-04-Invercargill-53-1024x768.jpg\" alt=\"\" class=\"wp-image-838 size-full\" srcset=\"https:\/\/samuel-loussouarn.com\/wp-content\/uploads\/2023\/07\/2016-03-02-04-Invercargill-53-1024x768.jpg 1024w, https:\/\/samuel-loussouarn.com\/wp-content\/uploads\/2023\/07\/2016-03-02-04-Invercargill-53-300x225.jpg 300w, https:\/\/samuel-loussouarn.com\/wp-content\/uploads\/2023\/07\/2016-03-02-04-Invercargill-53-768x576.jpg 768w, https:\/\/samuel-loussouarn.com\/wp-content\/uploads\/2023\/07\/2016-03-02-04-Invercargill-53-1536x1152.jpg 1536w, https:\/\/samuel-loussouarn.com\/wp-content\/uploads\/2023\/07\/2016-03-02-04-Invercargill-53-2048x1536.jpg 2048w, https:\/\/samuel-loussouarn.com\/wp-content\/uploads\/2023\/07\/2016-03-02-04-Invercargill-53-400x300.jpg 400w, https:\/\/samuel-loussouarn.com\/wp-content\/uploads\/2023\/07\/2016-03-02-04-Invercargill-53-600x450.jpg 600w\" sizes=\"(max-width: 1024px) 100vw, 1024px\" \/><\/figure><div class=\"wp-block-media-text__content\">\n<p class=\"has-normal-font-size\"><strong>Atelier d&#8217;\u00e9criture &#8220;Litt\u00e9rature jeunesse et sport&#8221;<\/strong><\/p>\n\n\n\n<p class=\"has-small-font-size\">Maroc \u2013 2024<\/p>\n\n\n\n<p class=\"has-small-font-size\">Institut Fran\u00e7ais d&#8217;Agadir \/ \u00c9cole Maria<\/p>\n<\/div><\/div>\n\n\n\n<p>Je pratique les tarifs de la Charte des auteurs et des illustrateurs jeunesse, hors frais de d\u00e9placement :<\/p>\n\n\n\n<ul><li><em>419\u20ac TTC la journ\u00e9e<\/em><\/li><li><em>253\u20ac TTC la demi-journ\u00e9e<\/em><\/li><\/ul>\n\n\n\n<p><em>Vous avez une autre intervention en t\u00eate ? Vous avez des questions ? Vous souhaitez m&#8217;inviter ?<\/em><\/p>\n\n\n\n<div class=\"wp-block-button aligncenter\"><a class=\"wp-block-button__link has-vivid-cyan-blue-background-color has-text-color has-background\" href=\"mailto:samuel-loussouarn@hotmail.com\" style=\"color:#f4f6f7\">Me contacter<br><\/a><\/div>\n","protected":false},"excerpt":{"rendered":"<p>En tant qu&#8217;auteur, je propose des interventions sur l&#8217;\u00e9criture et la traduction pour tous types de public, dans diff\u00e9rents formats. D\u00e9fi &#8220;\u00c9cris ta s\u00e9rie&#8220; Lyc\u00e9e Atlantique de Lu\u00e7on \u2013 2023 CNC \/ Creative Maker D\u00e9couverte du m\u00e9tier d&#8217;auteur (1h ou 1h30, \u00e0 partir de 8 ans)Pr\u00e9sentation de mon parcours et du travail d\u2019auteur (Powerpoint), questions\/r\u00e9ponses [&hellip;]<\/p>\n","protected":false},"author":1,"featured_media":0,"parent":0,"menu_order":0,"comment_status":"closed","ping_status":"closed","template":"nosidebar-page.php","meta":{"spay_email":""},"_links":{"self":[{"href":"https:\/\/samuel-loussouarn.com\/index.php\/wp-json\/wp\/v2\/pages\/17"}],"collection":[{"href":"https:\/\/samuel-loussouarn.com\/index.php\/wp-json\/wp\/v2\/pages"}],"about":[{"href":"https:\/\/samuel-loussouarn.com\/index.php\/wp-json\/wp\/v2\/types\/page"}],"author":[{"embeddable":true,"href":"https:\/\/samuel-loussouarn.com\/index.php\/wp-json\/wp\/v2\/users\/1"}],"replies":[{"embeddable":true,"href":"https:\/\/samuel-loussouarn.com\/index.php\/wp-json\/wp\/v2\/comments?post=17"}],"version-history":[{"count":22,"href":"https:\/\/samuel-loussouarn.com\/index.php\/wp-json\/wp\/v2\/pages\/17\/revisions"}],"predecessor-version":[{"id":890,"href":"https:\/\/samuel-loussouarn.com\/index.php\/wp-json\/wp\/v2\/pages\/17\/revisions\/890"}],"wp:attachment":[{"href":"https:\/\/samuel-loussouarn.com\/index.php\/wp-json\/wp\/v2\/media?parent=17"}],"curies":[{"name":"wp","href":"https:\/\/api.w.org\/{rel}","templated":true}]}}