{"id":417,"date":"2019-06-28T09:16:11","date_gmt":"2019-06-28T07:16:11","guid":{"rendered":"http:\/\/samuel-loussouarn.com\/?page_id=417"},"modified":"2021-09-06T11:48:36","modified_gmt":"2021-09-06T09:48:36","slug":"all-blacks-academy-tome-3-un-tournoi-inoubliable","status":"publish","type":"page","link":"https:\/\/samuel-loussouarn.com\/index.php\/all-blacks-academy-tome-3-un-tournoi-inoubliable\/","title":{"rendered":"All Blacks Academy 3"},"content":{"rendered":"<div id=\"fb-root\"><\/div>\n\n<div class=\"wp-block-media-text alignwide is-stacked-on-mobile\" style=\"grid-template-columns:23% auto\"><figure class=\"wp-block-media-text__media\"><img loading=\"lazy\" width=\"600\" height=\"956\" src=\"http:\/\/samuel-loussouarn.com\/wp-content\/uploads\/2020\/01\/ABA3.jpeg\" alt=\"\" class=\"wp-image-467 size-full\" srcset=\"https:\/\/samuel-loussouarn.com\/wp-content\/uploads\/2020\/01\/ABA3.jpeg 600w, https:\/\/samuel-loussouarn.com\/wp-content\/uploads\/2020\/01\/ABA3-188x300.jpeg 188w\" sizes=\"(max-width: 600px) 100vw, 600px\" \/><\/figure><div class=\"wp-block-media-text__content\">\n<p><strong>\u00c9diteur :<\/strong> Hachette Romans Jeunesse<br><strong>Date de parution :<\/strong> 22 janvier 2020<br><strong>ISBN : <\/strong>978-2017108498<br><strong>Genres :<\/strong> action, com\u00e9die<br><em>Roman junior d\u00e8s 9 ans<br>143 pages<\/em><a rel=\"noreferrer noopener\" href=\"https:\/\/livre.fnac.com\/a13880938\/All-Blacks-Academy-Tome-3-Un-tournoi-inoubliable-Samuel-Loussouarn#omnsearchpos=1\" target=\"_blank\"><br><\/a><br><\/p>\n\n\n\n<div class=\"wp-block-button is-style-default\"><a class=\"wp-block-button__link has-text-color has-background has-vivid-cyan-blue-background-color\" href=\"\/\/www.librairiesindependantes.com\/product\/9782017108498\/\" target=\"_blank\" style=\"color:#f7f1f1\" rel=\"noopener noreferrer\">En vente ici<br><\/a><\/div>\n<\/div><\/div>\n\n\n\n<p><strong>R\u00e9sum\u00e9 :<\/strong><\/p>\n\n\n\n<p>Il y a un an, si on m&#8217;avait dit que j&#8217;allais participer au Tournoi des Six Nations, j&#8217;aurais cru qu&#8217;on me faisait une blague ! Et pourtant, me voil\u00e0 aujourd&#8217;hui dans la ville de Rugby en Angleterre pour repr\u00e9senter la All Blacks Academy lors de cette comp\u00e9tition l\u00e9gendaire. Cette ann\u00e9e, exceptionnellement, la Nouvelle-Z\u00e9lande est invit\u00e9e au Tournoi. J&#8217;ai l&#8217;impression de vivre un r\u00eave \u00e9veill\u00e9<\/p>\n\n\n\n<p>Enfin, presque\u2026 Car Mathis, mon \u00e9ternel rival, est lui aussi de la partie. Et il est bien d\u00e9cid\u00e9 \u00e0 d\u00e9crocher la place de demi de m\u00eal\u00e9e titulaire et me renvoyer sur le banc des rempla\u00e7ants ! Heureusement, mes co\u00e9quipiers, mes amis et ma famille sont l\u00e0 pour me soutenir. Si on veut remporter la coupe, il va falloir se d\u00e9passer et se montrer digne de la foug\u00e8re argent\u00e9e des All Blacks. <\/p>\n","protected":false},"excerpt":{"rendered":"<p>\u00c9diteur : Hachette Romans JeunesseDate de parution : 22 janvier 2020ISBN : 978-2017108498Genres : action, com\u00e9dieRoman junior d\u00e8s 9 ans143 pages En vente ici R\u00e9sum\u00e9 : Il y a un an, si on m&#8217;avait dit que j&#8217;allais participer au Tournoi des Six Nations, j&#8217;aurais cru qu&#8217;on me faisait une blague ! Et pourtant, me voil\u00e0 [&hellip;]<\/p>\n","protected":false},"author":1,"featured_media":0,"parent":0,"menu_order":0,"comment_status":"closed","ping_status":"closed","template":"","meta":{"spay_email":""},"_links":{"self":[{"href":"https:\/\/samuel-loussouarn.com\/index.php\/wp-json\/wp\/v2\/pages\/417"}],"collection":[{"href":"https:\/\/samuel-loussouarn.com\/index.php\/wp-json\/wp\/v2\/pages"}],"about":[{"href":"https:\/\/samuel-loussouarn.com\/index.php\/wp-json\/wp\/v2\/types\/page"}],"author":[{"embeddable":true,"href":"https:\/\/samuel-loussouarn.com\/index.php\/wp-json\/wp\/v2\/users\/1"}],"replies":[{"embeddable":true,"href":"https:\/\/samuel-loussouarn.com\/index.php\/wp-json\/wp\/v2\/comments?post=417"}],"version-history":[{"count":8,"href":"https:\/\/samuel-loussouarn.com\/index.php\/wp-json\/wp\/v2\/pages\/417\/revisions"}],"predecessor-version":[{"id":653,"href":"https:\/\/samuel-loussouarn.com\/index.php\/wp-json\/wp\/v2\/pages\/417\/revisions\/653"}],"wp:attachment":[{"href":"https:\/\/samuel-loussouarn.com\/index.php\/wp-json\/wp\/v2\/media?parent=417"}],"curies":[{"name":"wp","href":"https:\/\/api.w.org\/{rel}","templated":true}]}}