{"id":544,"date":"2021-06-20T19:11:59","date_gmt":"2021-06-20T17:11:59","guid":{"rendered":"http:\/\/samuel-loussouarn.com\/?page_id=544"},"modified":"2023-03-03T10:19:07","modified_gmt":"2023-03-03T09:19:07","slug":"guide-du-surfeur-des-annees-80","status":"publish","type":"page","link":"https:\/\/samuel-loussouarn.com\/index.php\/guide-du-surfeur-des-annees-80\/","title":{"rendered":"Guide du surfeur des ann\u00e9es 80"},"content":{"rendered":"<div id=\"fb-root\"><\/div>\n\n<div class=\"wp-block-media-text alignwide is-stacked-on-mobile\" style=\"grid-template-columns:29% auto\"><figure class=\"wp-block-media-text__media\"><img loading=\"lazy\" width=\"800\" height=\"1024\" src=\"http:\/\/samuel-loussouarn.com\/wp-content\/uploads\/2021\/06\/couverture_livre_surf_sans_sous_titre-800x1024.jpg\" alt=\"\" class=\"wp-image-545 size-full\" srcset=\"https:\/\/samuel-loussouarn.com\/wp-content\/uploads\/2021\/06\/couverture_livre_surf_sans_sous_titre-800x1024.jpg 800w, https:\/\/samuel-loussouarn.com\/wp-content\/uploads\/2021\/06\/couverture_livre_surf_sans_sous_titre-600x768.jpg 600w, https:\/\/samuel-loussouarn.com\/wp-content\/uploads\/2021\/06\/couverture_livre_surf_sans_sous_titre-234x300.jpg 234w, https:\/\/samuel-loussouarn.com\/wp-content\/uploads\/2021\/06\/couverture_livre_surf_sans_sous_titre-768x983.jpg 768w, https:\/\/samuel-loussouarn.com\/wp-content\/uploads\/2021\/06\/couverture_livre_surf_sans_sous_titre-scaled.jpg 2000w\" sizes=\"(max-width: 800px) 100vw, 800px\" \/><\/figure><div class=\"wp-block-media-text__content\">\n<p><strong>\u00c9diteur :<\/strong> Autopublication<br><strong>Date de parution : <\/strong>octobre 2021<br><strong>ISBN : <\/strong>978-2-9580057-0-2<br><strong>Genre :<\/strong> guide d\u00e9cal\u00e9\/t\u00e9moignage nostalgique<br><em>R\u00e9cit<br>96 pages<\/em><br><br><br><\/p>\n\n\n\n<div class=\"wp-block-button is-style-default\"><a class=\"wp-block-button__link has-text-color has-background has-vivid-cyan-blue-background-color\" target=\"_blank\" href=\"https:\/\/samuel-loussouarn.com\/index.php\/product\/guide-surf\/\" rel=\"noopener\">En vente ici<br><\/a><\/div>\n<\/div><\/div>\n\n\n\n<p><strong>R\u00c9SUM\u00c9<\/strong><\/p>\n\n\n\n<p>Encore un livre sur le surf&nbsp;? Oui, mais un livre <strong>fun et d\u00e9cal\u00e9 !<\/strong><\/p>\n\n\n\n<p>T\u00e9moignage d\u2019une \u00e9poque r\u00e9volue, le <strong><em>Guide du surfeur des ann\u00e9es 80<\/em><\/strong> vous fera vivre (ou revivre) le charme de la discipline telle qu\u2019elle existait dans les <em>eighties<\/em>, avant les progr\u00e8s technologiques et les spots bond\u00e9s.<\/p>\n\n\n\n<p>Si cet ouvrage vous met dans la peau d\u2019un <strong>surfeur vintage<\/strong>, c\u2019est pour mieux faire \u00e9merger <strong>l\u2019\u00e2me<\/strong> de ce loisir, de ce sport, de cette passion qu\u2019est le surf.<\/p>\n\n\n\n<div class=\"wp-block-image\"><figure class=\"alignleft size-medium is-resized\"><img loading=\"lazy\" src=\"https:\/\/samuel-loussouarn.com\/wp-content\/uploads\/2021\/12\/Kiki-medaillon-tiers-200x300.jpg\" alt=\"\" class=\"wp-image-730\" width=\"100\" height=\"150\" srcset=\"https:\/\/samuel-loussouarn.com\/wp-content\/uploads\/2021\/12\/Kiki-medaillon-tiers-200x300.jpg 200w, https:\/\/samuel-loussouarn.com\/wp-content\/uploads\/2021\/12\/Kiki-medaillon-tiers-683x1024.jpg 683w, https:\/\/samuel-loussouarn.com\/wp-content\/uploads\/2021\/12\/Kiki-medaillon-tiers-768x1151.jpg 768w, https:\/\/samuel-loussouarn.com\/wp-content\/uploads\/2021\/12\/Kiki-medaillon-tiers-1025x1536.jpg 1025w, https:\/\/samuel-loussouarn.com\/wp-content\/uploads\/2021\/12\/Kiki-medaillon-tiers-1366x2048.jpg 1366w, https:\/\/samuel-loussouarn.com\/wp-content\/uploads\/2021\/12\/Kiki-medaillon-tiers-600x899.jpg 600w, https:\/\/samuel-loussouarn.com\/wp-content\/uploads\/2021\/12\/Kiki-medaillon-tiers-scaled.jpg 1708w\" sizes=\"(max-width: 100px) 100vw, 100px\" \/><\/figure><\/div>\n\n\n\n<p><strong>Christophe \u00ab&nbsp;Kiki&nbsp;\u00bb Rondeleux<\/strong> sera votre guide au fil des pages. Surfeur since 1980, premier Vend\u00e9en s\u00e9lectionn\u00e9 aux championnats de France de surf, personnage haut en couleurs, il tient aujourd\u2019hui un surf shop avec vue sur la baie des Sables d\u2019Olonne. Si vous ne lui avez jamais achet\u00e9 un pain de wax, c\u2019est que vous n\u2019avez jamais surf\u00e9 dans les parages.<\/p>\n\n\n\n<div class=\"wp-block-image\"><figure class=\"alignright size-medium is-resized\"><img loading=\"lazy\" src=\"https:\/\/samuel-loussouarn.com\/wp-content\/uploads\/2021\/09\/cropped-Sam-me\u0301daillon-couv-200x300.jpg\" alt=\"\" class=\"wp-image-655\" width=\"100\" height=\"150\" srcset=\"https:\/\/samuel-loussouarn.com\/wp-content\/uploads\/2021\/09\/cropped-Sam-me\u0301daillon-couv-200x300.jpg 200w, https:\/\/samuel-loussouarn.com\/wp-content\/uploads\/2021\/09\/cropped-Sam-me\u0301daillon-couv-683x1024.jpg 683w, https:\/\/samuel-loussouarn.com\/wp-content\/uploads\/2021\/09\/cropped-Sam-me\u0301daillon-couv-768x1151.jpg 768w, https:\/\/samuel-loussouarn.com\/wp-content\/uploads\/2021\/09\/cropped-Sam-me\u0301daillon-couv-1025x1536.jpg 1025w, https:\/\/samuel-loussouarn.com\/wp-content\/uploads\/2021\/09\/cropped-Sam-me\u0301daillon-couv-1367x2048.jpg 1367w, https:\/\/samuel-loussouarn.com\/wp-content\/uploads\/2021\/09\/cropped-Sam-me\u0301daillon-couv-600x899.jpg 600w, https:\/\/samuel-loussouarn.com\/wp-content\/uploads\/2021\/09\/cropped-Sam-me\u0301daillon-couv.jpg 1454w\" sizes=\"(max-width: 100px) 100vw, 100px\" \/><\/figure><\/div>\n\n\n\n<p><strong>Samuel Loussouarn<\/strong> est auteur et traducteur. Surfeur amateur depuis ses ann\u00e9es n\u00e9o-z\u00e9landaises, premier Vend\u00e9en auteur d\u2019une trilogie dans l\u2019univers du rugby (<em>All Blacks Academy<\/em>, chez Hachette) et d\u2019une com\u00e9die romantique rock (<em>Ma playlist pour un French kiss<\/em>, chez Nathan), il vit entre Nantes et les spots vend\u00e9ens. <em>samuel-loussouarn.com<\/em><\/p>\n\n\n\n<p><strong>PR\u00c9SENTATION<\/strong><\/p>\n\n\n\n<figure class=\"wp-block-embed is-type-video is-provider-youtube wp-block-embed-youtube wp-embed-aspect-16-9 wp-has-aspect-ratio\"><div class=\"wp-block-embed__wrapper\">\n<div class=\"jetpack-video-wrapper\"><iframe loading=\"lazy\" title=\"Guide du surfeur des ann\u00e9es 80 \u2013 Le livre feuillet\u00e9\" width=\"900\" height=\"506\" src=\"https:\/\/www.youtube.com\/embed\/_sJHgQvufcI?feature=oembed\" frameborder=\"0\" allow=\"accelerometer; autoplay; clipboard-write; encrypted-media; gyroscope; picture-in-picture; web-share\" allowfullscreen><\/iframe><\/div>\n<\/div><\/figure>\n\n\n\n<p><strong>BANDE ANNONCE<\/strong><\/p>\n\n\n\n<figure class=\"wp-block-embed is-type-video is-provider-youtube wp-block-embed-youtube wp-embed-aspect-16-9 wp-has-aspect-ratio\"><div class=\"wp-block-embed__wrapper\">\n<div class=\"jetpack-video-wrapper\"><iframe loading=\"lazy\" title=\"Guide du surfeur des ann\u00e9es 80 (bande annonce)\" width=\"900\" height=\"506\" src=\"https:\/\/www.youtube.com\/embed\/7T2kQvD4RAk?feature=oembed\" frameborder=\"0\" allow=\"accelerometer; autoplay; clipboard-write; encrypted-media; gyroscope; picture-in-picture; web-share\" allowfullscreen><\/iframe><\/div>\n<\/div><\/figure>\n\n\n\n<div class=\"wp-block-button is-style-default\"><a class=\"wp-block-button__link has-text-color has-background has-vivid-cyan-blue-background-color\" target=\"_blank\" href=\"https:\/\/samuel-loussouarn.com\/index.php\/product\/guide-surf\/\" style=\"color:#f7f1f1\" rel=\"noopener noreferrer\">En vente ici<br><\/a><\/div>\n\n\n\n<p><strong>FORMAT<br><\/strong><\/p>\n\n\n\n<p>96 pages, noir et blanc<\/p>\n\n\n\n<p>Couverture couleur<\/p>\n\n\n\n<p>Format poche atypique (16\u00d712,5cm)<\/p>\n\n\n\n<p>Local (impression \u00e0 moins de 50km des spots vend\u00e9ens)<\/p>\n\n\n\n<p>\u00c9co-responsable (papier PEFC issu d\u2019une gestion foresti\u00e8re durable)<\/p>\n\n\n\n<p><strong>CONTENU<\/strong><\/p>\n\n\n\n<p><strong>Sommaire :<br><\/strong><\/p>\n\n\n\n<p>1. Choisir son surf shop<\/p>\n\n\n\n<p>2. Construire son quiver<\/p>\n\n\n\n<p>3. \u00ab&nbsp;Shaper&nbsp;\u00bb sa planche<\/p>\n\n\n\n<p>4. Choisir son mat\u00e9riel<\/p>\n\n\n\n<p>5. Pr\u00e9voir les conditions m\u00e9t\u00e9o<\/p>\n\n\n\n<p>6. Apprendre le surf<\/p>\n\n\n\n<p>7. Se faire une place au line-up<\/p>\n\n\n\n<p>8. S\u2019int\u00e9grer \u00e0 la communaut\u00e9<\/p>\n\n\n\n<p>9. Partir en surf trip<\/p>\n\n\n\n<p>10. Survivre \u00e0 un wipe-out<\/p>\n\n\n\n<p>11. Prendre un tube<\/p>\n\n\n\n<p>12. Arr\u00eater le surf<\/p>\n\n\n\n<p>13. La Vend\u00e9e<\/p>\n\n\n\n<p>14. Le \u00ab Sud&nbsp;\u00bb<\/p>\n\n\n\n<p>15. Les \u00c9tats-Unis<\/p>\n\n\n\n<p>16. La comp\u00e9tition<\/p>\n\n\n\n<p>17. Le sponsoring<\/p>\n\n\n\n<p>18. Les l\u00e9gendes du surf<\/p>\n\n\n\n<p>19. La diversit\u00e9 au line-up<\/p>\n\n\n\n<p>20. Trente ans plus tard\u2026<\/p>\n\n\n\n<figure class=\"wp-block-embed is-type-video is-provider-youtube wp-block-embed-youtube wp-embed-aspect-16-9 wp-has-aspect-ratio\"><div class=\"wp-block-embed__wrapper\">\n<div class=\"jetpack-video-wrapper\"><iframe loading=\"lazy\" title=\"Un guide du surfeur des ann\u00e9es 80\" width=\"900\" height=\"506\" src=\"https:\/\/www.youtube.com\/embed\/cxWhLPTQwyI?start=24&#038;feature=oembed\" frameborder=\"0\" allow=\"accelerometer; autoplay; clipboard-write; encrypted-media; gyroscope; picture-in-picture; web-share\" allowfullscreen><\/iframe><\/div>\n<\/div><figcaption>Reportage sur TV Vend\u00e9e<\/figcaption><\/figure>\n\n\n\n<p><strong>Extrait du chapitre <em>Pr\u00e9voir les conditions m\u00e9t\u00e9o<\/em> :<\/strong><\/p>\n\n\n\n<p>Internet n\u2019existe pas. Le minitel non plus. Pas le moindre 3615 Pr\u00e9visions-Surf \u00e0 se mettre sous la dent. Le soir au JT de 20 h, Yves Mourousi ne parle pas des conditions \u00e0 La Sauzaie. Comme si les diamants de Giscard et le dernier tube de Sardou importaient plus&nbsp;!<\/p>\n\n\n\n<p>Kiki les bons tuyaux sait o\u00f9 se fournir. Radio-r\u00e9veil r\u00e9gl\u00e9 \u00e0 7 h du matin, tuner positionn\u00e9 sur les grandes ondes, fr\u00e9quence de France Inter&nbsp;: trente secondes cruciales \u00e0 ne surtout pas manquer car le replay n\u2019a pas encore \u00e9t\u00e9 invent\u00e9. C\u2019est l\u2019heure de la m\u00e9t\u00e9o marine. L\u2019espace maritime est divis\u00e9 en plusieurs zones (Dogger, Fisher, Humber, Ouessant, Pazenn, Viking\u2026). Les p\u00eacheurs chaumois et gillocruciens sont \u00e0 l\u2019\u00e9coute. De rares oreilles de surfeurs se m\u00ealent \u00e0 l\u2019auditoire. Celles de Kiki sont aux aguets. Les conditions au nord et \u00e0 l\u2019ouest de l\u2019Irlande pr\u00e9figurent celles du littoral vend\u00e9en. Turfiste du surf, Kiki pronostique les vagues des jours \u00e0 venir en se basant sur ce bulletin m\u00e9t\u00e9o.<\/p>\n\n\n\n<p>Il faut affiner la pr\u00e9vision. Direction le bureau de tabac, tourniquet des journaux. Kiki ouvre Le Monde \u00e0 la page de la carte isobarique. Il \u00e9carquille les yeux en d\u00e9couvrant le seul v\u00e9ritable scoop propos\u00e9 par le quotidien&nbsp;: grosse d\u00e9pression en approche. Il recoupe les informations du journal et de la radio. La conclusion est sans appel. La session du lendemain va \u00eatre bath&nbsp;!<\/p>\n\n\n\n<p><img loading=\"lazy\" srcset=\"https:\/\/samuel-loussouarn.com\/wp-content\/uploads\/2021\/09\/Kiki-Van-Gogh-copie-198x300.jpg 198w, https:\/\/samuel-loussouarn.com\/wp-content\/uploads\/2021\/09\/Kiki-Van-Gogh-copie-scaled-600x911.jpg 600w, https:\/\/samuel-loussouarn.com\/wp-content\/uploads\/2021\/09\/Kiki-Van-Gogh-copie-674x1024.jpg 674w, https:\/\/samuel-loussouarn.com\/wp-content\/uploads\/2021\/09\/Kiki-Van-Gogh-copie-768x1166.jpg 768w, https:\/\/samuel-loussouarn.com\/wp-content\/uploads\/2021\/09\/Kiki-Van-Gogh-copie-1012x1536.jpg 1012w, https:\/\/samuel-loussouarn.com\/wp-content\/uploads\/2021\/09\/Kiki-Van-Gogh-copie-1349x2048.jpg 1349w, https:\/\/samuel-loussouarn.com\/wp-content\/uploads\/2021\/09\/Kiki-Van-Gogh-copie-scaled.jpg 1686w\" src=\"https:\/\/samuel-loussouarn.com\/wp-content\/uploads\/2021\/09\/Kiki-Van-Gogh-copie-198x300.jpg\" alt=\"\" width=\"198\" height=\"300\"><em> Kiki en mode shapeur amateur (circa 1981). Stratification\u2026 au pinceau !<\/em><\/p>\n\n\n\n<figure class=\"wp-block-image size-large\"><img loading=\"lazy\" width=\"1024\" height=\"768\" src=\"https:\/\/samuel-loussouarn.com\/wp-content\/uploads\/2021\/09\/20210907_101448-1024x768.jpg\" alt=\"\" class=\"wp-image-679\" srcset=\"https:\/\/samuel-loussouarn.com\/wp-content\/uploads\/2021\/09\/20210907_101448-1024x768.jpg 1024w, https:\/\/samuel-loussouarn.com\/wp-content\/uploads\/2021\/09\/20210907_101448-300x225.jpg 300w, https:\/\/samuel-loussouarn.com\/wp-content\/uploads\/2021\/09\/20210907_101448-768x576.jpg 768w, https:\/\/samuel-loussouarn.com\/wp-content\/uploads\/2021\/09\/20210907_101448-1536x1152.jpg 1536w, https:\/\/samuel-loussouarn.com\/wp-content\/uploads\/2021\/09\/20210907_101448-2048x1536.jpg 2048w, https:\/\/samuel-loussouarn.com\/wp-content\/uploads\/2021\/09\/20210907_101448-400x300.jpg 400w, https:\/\/samuel-loussouarn.com\/wp-content\/uploads\/2021\/09\/20210907_101448-600x450.jpg 600w\" sizes=\"(max-width: 1024px) 100vw, 1024px\" \/><figcaption>Ouest France, 07\/09\/2021<\/figcaption><\/figure>\n\n\n\n<div class=\"wp-block-button is-style-default\"><a class=\"wp-block-button__link has-text-color has-background has-vivid-cyan-blue-background-color\" target=\"_blank\" href=\"https:\/\/samuel-loussouarn.com\/index.php\/product\/guide-surf\/\" style=\"color:#f7f1f1\" rel=\"noopener noreferrer\">En vente ici<br><\/a><\/div>\n\n\n\n<p>\u00c9galement disponible en magasin : <a rel=\"noreferrer noopener\" href=\"https:\/\/www.google.com\/maps\/d\/u\/0\/edit?mid=1BTOmCh0dm7BwMYI5wvNno965jhG9OiJV&amp;usp=sharing\" target=\"_blank\">carte des points de vente<\/a><\/p>\n\n\n\n<p><\/p>\n","protected":false},"excerpt":{"rendered":"<p>\u00c9diteur : AutopublicationDate de parution : octobre 2021ISBN : 978-2-9580057-0-2Genre : guide d\u00e9cal\u00e9\/t\u00e9moignage nostalgiqueR\u00e9cit96 pages En vente ici R\u00c9SUM\u00c9 Encore un livre sur le surf&nbsp;? Oui, mais un livre fun et d\u00e9cal\u00e9 ! T\u00e9moignage d\u2019une \u00e9poque r\u00e9volue, le Guide du surfeur des ann\u00e9es 80 vous fera vivre (ou revivre) le charme de la discipline telle [&hellip;]<\/p>\n","protected":false},"author":1,"featured_media":0,"parent":0,"menu_order":0,"comment_status":"closed","ping_status":"closed","template":"","meta":{"spay_email":""},"_links":{"self":[{"href":"https:\/\/samuel-loussouarn.com\/index.php\/wp-json\/wp\/v2\/pages\/544"}],"collection":[{"href":"https:\/\/samuel-loussouarn.com\/index.php\/wp-json\/wp\/v2\/pages"}],"about":[{"href":"https:\/\/samuel-loussouarn.com\/index.php\/wp-json\/wp\/v2\/types\/page"}],"author":[{"embeddable":true,"href":"https:\/\/samuel-loussouarn.com\/index.php\/wp-json\/wp\/v2\/users\/1"}],"replies":[{"embeddable":true,"href":"https:\/\/samuel-loussouarn.com\/index.php\/wp-json\/wp\/v2\/comments?post=544"}],"version-history":[{"count":32,"href":"https:\/\/samuel-loussouarn.com\/index.php\/wp-json\/wp\/v2\/pages\/544\/revisions"}],"predecessor-version":[{"id":803,"href":"https:\/\/samuel-loussouarn.com\/index.php\/wp-json\/wp\/v2\/pages\/544\/revisions\/803"}],"wp:attachment":[{"href":"https:\/\/samuel-loussouarn.com\/index.php\/wp-json\/wp\/v2\/media?parent=544"}],"curies":[{"name":"wp","href":"https:\/\/api.w.org\/{rel}","templated":true}]}}