{"id":585,"date":"2021-09-06T10:18:52","date_gmt":"2021-09-06T08:18:52","guid":{"rendered":"http:\/\/samuel-loussouarn.com\/?page_id=585"},"modified":"2021-09-06T10:18:52","modified_gmt":"2021-09-06T08:18:52","slug":"refund_returns","status":"publish","type":"page","link":"https:\/\/samuel-loussouarn.com\/index.php\/refund_returns\/","title":{"rendered":"Livraisons et retours"},"content":{"rendered":"<div id=\"fb-root\"><\/div>\n\n<p><strong>Livraisons<\/strong><\/p>\n\n\n\n<p>Les commandes sont exp\u00e9di\u00e9es dans un d\u00e9lai de 2 \u00e0 14 jours ouvr\u00e9s.<br>Veuillez noter qu\u2019en p\u00e9riode de vacances, les d\u00e9lais de pr\u00e9paration des commandes peuvent \u00eatre rallong\u00e9s.<br>Vous pouvez suivre l\u2019avancement de votre commande via votre compte personnel.<\/p>\n\n\n\n<p>Samuel Loussouarn ne peut \u00eatre tenu responsable en cas de retard d\u2019acheminement.\u00a0<\/p>\n\n\n\n<p>La livraison des commandes est effectu\u00e9e par La Poste. La livraison s&#8217;effectue \u00e0 l\u2019adresse de livraison indiqu\u00e9e lors de la commande.\u00a0<\/p>\n\n\n\n<p>Les frais de livraison seront indiqu\u00e9s au client avant tout r\u00e8glement.<\/p>\n\n\n\n<p><br>Pour toutes demandes relatives \u00e0 votre commande, merci de nous \u00e9crire \u00e0 samuel-loussouarn[@]hotmail.com<\/p>\n\n\n\n<p><strong>Retours<\/strong><\/p>\n\n\n\n<p>Pour toutes demandes de retour, veuillez au pr\u00e9alable nous \u00e9crire \u00e0 l\u2019adresse suivante : samuel-loussouarn[@]hotmail.com<br>Nous vous indiquerons dans le mail de r\u00e9ponse, les d\u00e9marches pour effectuer votre retour.<\/p>\n\n\n\n<p>Vous disposez d\u2019un d\u00e9lai de 14 jours \u00e0 compter de la r\u00e9ception de votre commande pour effectuer votre retour, conform\u00e9ment \u00e0 l\u2019article L.121-21 du Code de la Consommation.<br>Tous retours r\u00e9alis\u00e9s apr\u00e8s ce d\u00e9lai ne seront pas accept\u00e9s.\u00a0<br>Les frais de retours sont \u00e0 la charge de l\u2019acheteur.<br>Les produits doivent \u00eatre en parfait \u00e9tat. Les articles endommag\u00e9s ne feront pas l\u2019objet d\u2019un remboursement.<\/p>\n\n\n\n<p><strong>Remboursement<\/strong><\/p>\n\n\n\n<p>Si les conditions de retour, indiqu\u00e9es ci-dessus, sont respect\u00e9es, le remboursement du ou des produits sera effectu\u00e9 sur votre compte bancaire.<\/p>\n\n\n\n<p>Si vous avez b\u00e9n\u00e9fici\u00e9 des frais de port offerts et que vous retournez l\u2019int\u00e9gralit\u00e9 de votre commande, les frais d\u2019envoi seront factur\u00e9s et d\u00e9duits du remboursement.<\/p>\n\n\n\n<p>Les remboursements seront effectu\u00e9s dans un d\u00e9lai de 14 jours, \u00e0 compter de la r\u00e9ception de votre colis. Les remboursements seront faits via le moyen de paiement que vous avez utilis\u00e9 lors de votre commande.<\/p>\n\n\n\n<p><strong>Une question ?<\/strong><\/p>\n\n\n\n<p>Contactez-moi \u00e0 cette adresse : samuel-loussouarn[@]hotmail.com.<\/p>\n","protected":false},"excerpt":{"rendered":"<p>Livraisons Les commandes sont exp\u00e9di\u00e9es dans un d\u00e9lai de 2 \u00e0 14 jours ouvr\u00e9s.Veuillez noter qu\u2019en p\u00e9riode de vacances, les d\u00e9lais de pr\u00e9paration des commandes peuvent \u00eatre rallong\u00e9s.Vous pouvez suivre l\u2019avancement de votre commande via votre compte personnel. Samuel Loussouarn ne peut \u00eatre tenu responsable en cas de retard d\u2019acheminement.\u00a0 La livraison des commandes est [&hellip;]<\/p>\n","protected":false},"author":1,"featured_media":0,"parent":0,"menu_order":0,"comment_status":"closed","ping_status":"closed","template":"","meta":{"spay_email":""},"_links":{"self":[{"href":"https:\/\/samuel-loussouarn.com\/index.php\/wp-json\/wp\/v2\/pages\/585"}],"collection":[{"href":"https:\/\/samuel-loussouarn.com\/index.php\/wp-json\/wp\/v2\/pages"}],"about":[{"href":"https:\/\/samuel-loussouarn.com\/index.php\/wp-json\/wp\/v2\/types\/page"}],"author":[{"embeddable":true,"href":"https:\/\/samuel-loussouarn.com\/index.php\/wp-json\/wp\/v2\/users\/1"}],"replies":[{"embeddable":true,"href":"https:\/\/samuel-loussouarn.com\/index.php\/wp-json\/wp\/v2\/comments?post=585"}],"version-history":[{"count":1,"href":"https:\/\/samuel-loussouarn.com\/index.php\/wp-json\/wp\/v2\/pages\/585\/revisions"}],"predecessor-version":[{"id":622,"href":"https:\/\/samuel-loussouarn.com\/index.php\/wp-json\/wp\/v2\/pages\/585\/revisions\/622"}],"wp:attachment":[{"href":"https:\/\/samuel-loussouarn.com\/index.php\/wp-json\/wp\/v2\/media?parent=585"}],"curies":[{"name":"wp","href":"https:\/\/api.w.org\/{rel}","templated":true}]}}