{"id":788,"date":"2022-12-08T09:44:58","date_gmt":"2022-12-08T08:44:58","guid":{"rendered":"https:\/\/samuel-loussouarn.com\/?page_id=788"},"modified":"2023-03-08T09:21:21","modified_gmt":"2023-03-08T08:21:21","slug":"les-samourais-et-le-dragon","status":"publish","type":"page","link":"https:\/\/samuel-loussouarn.com\/index.php\/les-samourais-et-le-dragon\/","title":{"rendered":"Les samoura\u00efs et le dragon"},"content":{"rendered":"<div id=\"fb-root\"><\/div>\n\n<div class=\"wp-block-media-text alignwide is-stacked-on-mobile\" style=\"grid-template-columns:28% auto\"><figure class=\"wp-block-media-text__media\"><img loading=\"lazy\" width=\"400\" height=\"536\" src=\"https:\/\/samuel-loussouarn.com\/wp-content\/uploads\/2022\/12\/Les-samourais-et-le-dragon-Tome-1-L-attaque-du-ninja.jpg\" alt=\"\" class=\"wp-image-789 size-full\" srcset=\"https:\/\/samuel-loussouarn.com\/wp-content\/uploads\/2022\/12\/Les-samourais-et-le-dragon-Tome-1-L-attaque-du-ninja.jpg 400w, https:\/\/samuel-loussouarn.com\/wp-content\/uploads\/2022\/12\/Les-samourais-et-le-dragon-Tome-1-L-attaque-du-ninja-224x300.jpg 224w\" sizes=\"(max-width: 400px) 100vw, 400px\" \/><\/figure><div class=\"wp-block-media-text__content\">\n<p><strong>\u00c9diteur :<\/strong> Fleurus<br><strong>Date de parution :<\/strong> 24 f\u00e9vrier 2023<br><strong>ISBN : <\/strong>978-2215166115<br><strong>Genres :<\/strong> action, com\u00e9die, \u00e9nigmes<br><em>Roman junior d\u00e8s 7 ans<br>80 pages<\/em><br><br><br><\/p>\n\n\n\n<div class=\"wp-block-button is-style-default\"><a class=\"wp-block-button__link has-text-color has-background has-vivid-cyan-blue-background-color\" href=\"https:\/\/www.librairiesindependantes.com\/product\/9782215166115\/\" target=\"_blank\" style=\"color:#f7f1f1\" rel=\"noopener noreferrer\">En vente ici<br><\/a><\/div>\n<\/div><\/div>\n\n\n\n<p><strong>R\u00e9sum\u00e9 : <\/strong><\/p>\n\n\n\n<p>Une collection de romans-jeux d\u00e8s 7-8 ans, id\u00e9ale pour appr\u00e9cier la lecture en s&#8217;amusant.<\/p>\n\n\n\n<p>Un r\u00e9cit-fiction pour mener l&#8217;enqu\u00eate avec des \u00e9nigmes et des messages cod\u00e9s \u00e0 d\u00e9chiffrer, notamment gr\u00e2ce \u00e0 la roue de d\u00e9codage fournie sur les rabats (\u00e0 d\u00e9couper et \u00e0 monter soi-m\u00eame).<\/p>\n\n\n\n<p>Au Japon, Yuzu et Shogi grandissent en r\u00eavant de devenir de v\u00e9ritables samoura\u00efs !<\/p>\n\n\n\n<p>Lorsque leur meilleur ami, le dragon du village, annonce que des ninjas ennemis ont envahi un temple, \u00e0 la recherche d&#8217;un puissant sabre magique, Yuzu et Shogi n&#8217;h\u00e9sitent pas.<\/p>\n\n\n\n<p>Ils enfilent leurs tenues, prennent arc et \u00e9p\u00e9e, et se dirigent droit sur eux. Les deux enfants devront d\u00e9chiffrer bien des myst\u00e8res et faire preuve d&#8217;un grand courage pour emp\u00eacher les ninjas de s&#8217;emparer du sabre\u2026<\/p>\n","protected":false},"excerpt":{"rendered":"<p>\u00c9diteur : FleurusDate de parution : 24 f\u00e9vrier 2023ISBN : 978-2215166115Genres : action, com\u00e9die, \u00e9nigmesRoman junior d\u00e8s 7 ans80 pages En vente ici R\u00e9sum\u00e9 : Une collection de romans-jeux d\u00e8s 7-8 ans, id\u00e9ale pour appr\u00e9cier la lecture en s&#8217;amusant. Un r\u00e9cit-fiction pour mener l&#8217;enqu\u00eate avec des \u00e9nigmes et des messages cod\u00e9s \u00e0 d\u00e9chiffrer, notamment gr\u00e2ce [&hellip;]<\/p>\n","protected":false},"author":1,"featured_media":0,"parent":0,"menu_order":0,"comment_status":"closed","ping_status":"closed","template":"","meta":{"spay_email":""},"_links":{"self":[{"href":"https:\/\/samuel-loussouarn.com\/index.php\/wp-json\/wp\/v2\/pages\/788"}],"collection":[{"href":"https:\/\/samuel-loussouarn.com\/index.php\/wp-json\/wp\/v2\/pages"}],"about":[{"href":"https:\/\/samuel-loussouarn.com\/index.php\/wp-json\/wp\/v2\/types\/page"}],"author":[{"embeddable":true,"href":"https:\/\/samuel-loussouarn.com\/index.php\/wp-json\/wp\/v2\/users\/1"}],"replies":[{"embeddable":true,"href":"https:\/\/samuel-loussouarn.com\/index.php\/wp-json\/wp\/v2\/comments?post=788"}],"version-history":[{"count":6,"href":"https:\/\/samuel-loussouarn.com\/index.php\/wp-json\/wp\/v2\/pages\/788\/revisions"}],"predecessor-version":[{"id":805,"href":"https:\/\/samuel-loussouarn.com\/index.php\/wp-json\/wp\/v2\/pages\/788\/revisions\/805"}],"wp:attachment":[{"href":"https:\/\/samuel-loussouarn.com\/index.php\/wp-json\/wp\/v2\/media?parent=788"}],"curies":[{"name":"wp","href":"https:\/\/api.w.org\/{rel}","templated":true}]}}