{"id":809,"date":"2023-06-12T15:41:15","date_gmt":"2023-06-12T13:41:15","guid":{"rendered":"https:\/\/samuel-loussouarn.com\/?page_id=809"},"modified":"2023-07-27T09:57:30","modified_gmt":"2023-07-27T07:57:30","slug":"essai-tome-1-dans-la-cour-des-grands","status":"publish","type":"page","link":"https:\/\/samuel-loussouarn.com\/index.php\/essai-tome-1-dans-la-cour-des-grands\/","title":{"rendered":"Essai ! \u2013 Tome 1"},"content":{"rendered":"<div id=\"fb-root\"><\/div>\n\n<p><\/p>\n\n\n\n<figure class=\"wp-block-image size-full\"><img loading=\"lazy\" width=\"400\" height=\"601\" src=\"https:\/\/samuel-loussouarn.com\/wp-content\/uploads\/2023\/06\/Essai-Ntamack-1.jpg\" alt=\"\" class=\"wp-image-811\" srcset=\"https:\/\/samuel-loussouarn.com\/wp-content\/uploads\/2023\/06\/Essai-Ntamack-1.jpg 400w, https:\/\/samuel-loussouarn.com\/wp-content\/uploads\/2023\/06\/Essai-Ntamack-1-200x300.jpg 200w\" sizes=\"(max-width: 400px) 100vw, 400px\" \/><\/figure>\n\n\n\n<p id=\"block-255b83dd-5b0a-4fa9-b019-d41d2e4b748a\"><strong>\u00c9diteur :<\/strong> Michel Lafon<br><strong>Date de parution :<\/strong> 8 juin 2023<br><strong>ISBN : <\/strong>978\u20132749954769<br><strong>Genres :<\/strong> sport, com\u00e9die, biographie<br><em>Roman d\u00e8s 9 ans<br>192 pages<\/em><\/p>\n\n\n\n<div class=\"wp-block-button is-style-default\"><a class=\"wp-block-button__link has-text-color has-background has-vivid-cyan-blue-background-color\" href=\"https:\/\/www.librairiesindependantes.com\/product\/9782749954769\/\" target=\"_blank\" style=\"color:#f7f1f1\" rel=\"noopener noreferrer\">En vente ici<br><\/a><\/div>\n\n\n\n<p id=\"block-eadab9ff-c4f9-44e2-909a-8182ed712ba6\"><strong>R\u00e9sum\u00e9 :<\/strong><\/p>\n\n\n\n<p id=\"block-4a7f1d3a-ba45-4997-8c69-59073d2a372c\">Chez les Ntamack, le rugby est une affaire de famille. Romain est le fils d&#8217;\u00c9mile, une l\u00e9gende du XV de France. Entre deux cours, il partage sa passion du rugby avec ses amis du Stade Toulousain. Mais \u00e0 l&#8217;approche du coll\u00e8ge, un challenge de taille se pr\u00e9sente \u00e0 lui : on lui propose d&#8217;\u00e9voluer \u00e0 un niveau sup\u00e9rieur. Pour m\u00e9riter cette place, il va devoir redoubler d&#8217;efforts\u2026 Qu&#8217;\u00e0 cela ne tienne, Romain adore relever des d\u00e9fis !<\/p>\n\n\n\n<p><\/p>\n\n\n\n<p><\/p>\n\n\n\n<p><\/p>\n","protected":false},"excerpt":{"rendered":"<p>\u00c9diteur : Michel LafonDate de parution : 8 juin 2023ISBN : 978\u20132749954769Genres : sport, com\u00e9die, biographieRoman d\u00e8s 9 ans192 pages En vente ici R\u00e9sum\u00e9 : Chez les Ntamack, le rugby est une affaire de famille. Romain est le fils d&#8217;\u00c9mile, une l\u00e9gende du XV de France. Entre deux cours, il partage sa passion du rugby [&hellip;]<\/p>\n","protected":false},"author":1,"featured_media":0,"parent":0,"menu_order":0,"comment_status":"closed","ping_status":"closed","template":"","meta":{"spay_email":""},"_links":{"self":[{"href":"https:\/\/samuel-loussouarn.com\/index.php\/wp-json\/wp\/v2\/pages\/809"}],"collection":[{"href":"https:\/\/samuel-loussouarn.com\/index.php\/wp-json\/wp\/v2\/pages"}],"about":[{"href":"https:\/\/samuel-loussouarn.com\/index.php\/wp-json\/wp\/v2\/types\/page"}],"author":[{"embeddable":true,"href":"https:\/\/samuel-loussouarn.com\/index.php\/wp-json\/wp\/v2\/users\/1"}],"replies":[{"embeddable":true,"href":"https:\/\/samuel-loussouarn.com\/index.php\/wp-json\/wp\/v2\/comments?post=809"}],"version-history":[{"count":5,"href":"https:\/\/samuel-loussouarn.com\/index.php\/wp-json\/wp\/v2\/pages\/809\/revisions"}],"predecessor-version":[{"id":820,"href":"https:\/\/samuel-loussouarn.com\/index.php\/wp-json\/wp\/v2\/pages\/809\/revisions\/820"}],"wp:attachment":[{"href":"https:\/\/samuel-loussouarn.com\/index.php\/wp-json\/wp\/v2\/media?parent=809"}],"curies":[{"name":"wp","href":"https:\/\/api.w.org\/{rel}","templated":true}]}}