{"id":846,"date":"2023-12-19T16:35:17","date_gmt":"2023-12-19T15:35:17","guid":{"rendered":"https:\/\/samuel-loussouarn.com\/?page_id=846"},"modified":"2023-12-19T16:40:58","modified_gmt":"2023-12-19T15:40:58","slug":"essai-tome-2","status":"publish","type":"page","link":"https:\/\/samuel-loussouarn.com\/index.php\/essai-tome-2\/","title":{"rendered":"Essai ! \u2013 Tome 2"},"content":{"rendered":"<div id=\"fb-root\"><\/div>\n\n<figure class=\"wp-block-image size-large is-resized\"><img loading=\"lazy\" src=\"https:\/\/samuel-loussouarn.com\/wp-content\/uploads\/2023\/12\/Essai-Ntamack-2-681x1024.jpg\" alt=\"\" class=\"wp-image-847\" width=\"444\" height=\"668\" srcset=\"https:\/\/samuel-loussouarn.com\/wp-content\/uploads\/2023\/12\/Essai-Ntamack-2-681x1024.jpg 681w, https:\/\/samuel-loussouarn.com\/wp-content\/uploads\/2023\/12\/Essai-Ntamack-2-200x300.jpg 200w, https:\/\/samuel-loussouarn.com\/wp-content\/uploads\/2023\/12\/Essai-Ntamack-2-768x1155.jpg 768w, https:\/\/samuel-loussouarn.com\/wp-content\/uploads\/2023\/12\/Essai-Ntamack-2-600x902.jpg 600w, https:\/\/samuel-loussouarn.com\/wp-content\/uploads\/2023\/12\/Essai-Ntamack-2.jpg 800w\" sizes=\"(max-width: 444px) 100vw, 444px\" \/><\/figure>\n\n\n\n<p id=\"block-255b83dd-5b0a-4fa9-b019-d41d2e4b748a\"><strong>\u00c9diteur :<\/strong> Michel Lafon<br><strong>Date de parution :<\/strong> 7 septembre 2023<br><strong>ISBN : <\/strong>978-2749954776<br><strong>Genres :<\/strong> sport, com\u00e9die, biographie<br><em>Roman d\u00e8s 9 ans<br>192 pages<\/em><\/p>\n\n\n\n<div class=\"wp-block-button is-style-default\"><a class=\"wp-block-button__link has-text-color has-background has-vivid-cyan-blue-background-color\" href=\"https:\/\/www.librairiesindependantes.com\/product\/9782749954776\/\" target=\"_blank\" style=\"color:#f7f1f1\" rel=\"noopener noreferrer\">En vente ici<br><\/a><\/div>\n\n\n\n<p id=\"block-eadab9ff-c4f9-44e2-909a-8182ed712ba6\"><strong>R\u00e9sum\u00e9 :<\/strong><\/p>\n\n\n\n<p id=\"block-4a7f1d3a-ba45-4997-8c69-59073d2a372c\">Enfin le coll\u00e8ge ! Romain a h\u00e2te de passer \u00e0 la vitesse sup\u00e9rieure. Mais un nouveau venu semble bien d\u00e9cid\u00e9 \u00e0 lui mettre des b\u00e2tons dans les roues&#8230; aussi bien en cours que sur un terrain de rugby. Rel\u00e9gu\u00e9 au statut de rempla\u00e7ant, Romain peut compter sur le soutien de sa famille, de ses amis et de l&#8217;imp\u00e9tueuse Ma\u00eblle, qui vient d&#8217;emm\u00e9nager dans la m\u00eame ville. Eux croient au potentiel du jeune joueur. Il ne reste \u00e0 Romain qu&#8217;\u00e0 reprendre confiance en lui pour briller !<\/p>\n\n\n\n<p><\/p>\n\n\n\n<p><\/p>\n\n\n\n<p><\/p>\n","protected":false},"excerpt":{"rendered":"<p>\u00c9diteur : Michel LafonDate de parution : 7 septembre 2023ISBN : 978-2749954776Genres : sport, com\u00e9die, biographieRoman d\u00e8s 9 ans192 pages En vente ici R\u00e9sum\u00e9 : Enfin le coll\u00e8ge ! Romain a h\u00e2te de passer \u00e0 la vitesse sup\u00e9rieure. Mais un nouveau venu semble bien d\u00e9cid\u00e9 \u00e0 lui mettre des b\u00e2tons dans les roues&#8230; aussi bien [&hellip;]<\/p>\n","protected":false},"author":1,"featured_media":0,"parent":0,"menu_order":0,"comment_status":"closed","ping_status":"closed","template":"","meta":{"spay_email":""},"_links":{"self":[{"href":"https:\/\/samuel-loussouarn.com\/index.php\/wp-json\/wp\/v2\/pages\/846"}],"collection":[{"href":"https:\/\/samuel-loussouarn.com\/index.php\/wp-json\/wp\/v2\/pages"}],"about":[{"href":"https:\/\/samuel-loussouarn.com\/index.php\/wp-json\/wp\/v2\/types\/page"}],"author":[{"embeddable":true,"href":"https:\/\/samuel-loussouarn.com\/index.php\/wp-json\/wp\/v2\/users\/1"}],"replies":[{"embeddable":true,"href":"https:\/\/samuel-loussouarn.com\/index.php\/wp-json\/wp\/v2\/comments?post=846"}],"version-history":[{"count":4,"href":"https:\/\/samuel-loussouarn.com\/index.php\/wp-json\/wp\/v2\/pages\/846\/revisions"}],"predecessor-version":[{"id":854,"href":"https:\/\/samuel-loussouarn.com\/index.php\/wp-json\/wp\/v2\/pages\/846\/revisions\/854"}],"wp:attachment":[{"href":"https:\/\/samuel-loussouarn.com\/index.php\/wp-json\/wp\/v2\/media?parent=846"}],"curies":[{"name":"wp","href":"https:\/\/api.w.org\/{rel}","templated":true}]}}