{"id":851,"date":"2023-12-19T16:44:42","date_gmt":"2023-12-19T15:44:42","guid":{"rendered":"https:\/\/samuel-loussouarn.com\/?page_id=851"},"modified":"2023-12-19T16:44:42","modified_gmt":"2023-12-19T15:44:42","slug":"essai-tome-3","status":"publish","type":"page","link":"https:\/\/samuel-loussouarn.com\/index.php\/essai-tome-3\/","title":{"rendered":"Essai ! \u2013 Tome 3"},"content":{"rendered":"<div id=\"fb-root\"><\/div>\n\n<figure class=\"wp-block-image size-full is-resized\"><img loading=\"lazy\" src=\"https:\/\/samuel-loussouarn.com\/wp-content\/uploads\/2023\/12\/Essai-Ntamack-3.jpg\" alt=\"\" class=\"wp-image-852\" width=\"527\" height=\"797\" srcset=\"https:\/\/samuel-loussouarn.com\/wp-content\/uploads\/2023\/12\/Essai-Ntamack-3.jpg 600w, https:\/\/samuel-loussouarn.com\/wp-content\/uploads\/2023\/12\/Essai-Ntamack-3-198x300.jpg 198w\" sizes=\"(max-width: 527px) 100vw, 527px\" \/><\/figure>\n\n\n\n<p id=\"block-255b83dd-5b0a-4fa9-b019-d41d2e4b748a\"><strong>\u00c9diteur :<\/strong> Michel Lafon<br><strong>Date de parution :<\/strong> 16 novembre 2023<br><strong>ISBN : <\/strong>\u200e 978-2749954783<br><strong>Genres :<\/strong> sport, com\u00e9die, biographie<br><em>Roman d\u00e8s 9 ans<br>192 pages<\/em><\/p>\n\n\n\n<div class=\"wp-block-button is-style-default\"><a class=\"wp-block-button__link has-text-color has-background has-vivid-cyan-blue-background-color\" href=\"https:\/\/www.librairiesindependantes.com\/product\/9782749954783\/\" target=\"_blank\" style=\"color:#f7f1f1\" rel=\"noopener noreferrer\">En vente ici<br><\/a><\/div>\n\n\n\n<p id=\"block-eadab9ff-c4f9-44e2-909a-8182ed712ba6\"><strong>R\u00e9sum\u00e9 :<\/strong><\/p>\n\n\n\n<p id=\"block-4a7f1d3a-ba45-4997-8c69-59073d2a372c\">Enfin le coll\u00e8ge ! Romain a h\u00e2te de passer \u00e0 la vitesse sup\u00e9rieure. Mais un nouveau venu semble bien d\u00e9cid\u00e9 \u00e0 lui mCapitaine de son \u00e9quipe, Romain est bien d\u00e9cid\u00e9 \u00e0 passer une ann\u00e9e sportive exceptionnelle. Mais c&#8217;est compter sans son rival L\u00e9o, qui ne cesse de lui mettre des b\u00e2tons dans les roues.<br><br>Une ferveur nouvelle s&#8217;empare du jeune demi d&#8217;ouverture quand il part en Nouvelle-Z\u00e9lande assister \u00e0 la Coupe du monde de rugby. Voir son p\u00e8re sur le terrain, face aux meilleurs joueurs internationaux, le conforte dans ses convictions : un jour, il portera lui aussi le maillot fran\u00e7ais, et rendra fier son pays !<\/p>\n\n\n\n<p><\/p>\n\n\n\n<p><\/p>\n\n\n\n<p><\/p>\n","protected":false},"excerpt":{"rendered":"<p>\u00c9diteur : Michel LafonDate de parution : 16 novembre 2023ISBN : \u200e 978-2749954783Genres : sport, com\u00e9die, biographieRoman d\u00e8s 9 ans192 pages En vente ici R\u00e9sum\u00e9 : Enfin le coll\u00e8ge ! Romain a h\u00e2te de passer \u00e0 la vitesse sup\u00e9rieure. Mais un nouveau venu semble bien d\u00e9cid\u00e9 \u00e0 lui mCapitaine de son \u00e9quipe, Romain est bien [&hellip;]<\/p>\n","protected":false},"author":1,"featured_media":0,"parent":0,"menu_order":0,"comment_status":"closed","ping_status":"closed","template":"","meta":{"spay_email":""},"_links":{"self":[{"href":"https:\/\/samuel-loussouarn.com\/index.php\/wp-json\/wp\/v2\/pages\/851"}],"collection":[{"href":"https:\/\/samuel-loussouarn.com\/index.php\/wp-json\/wp\/v2\/pages"}],"about":[{"href":"https:\/\/samuel-loussouarn.com\/index.php\/wp-json\/wp\/v2\/types\/page"}],"author":[{"embeddable":true,"href":"https:\/\/samuel-loussouarn.com\/index.php\/wp-json\/wp\/v2\/users\/1"}],"replies":[{"embeddable":true,"href":"https:\/\/samuel-loussouarn.com\/index.php\/wp-json\/wp\/v2\/comments?post=851"}],"version-history":[{"count":1,"href":"https:\/\/samuel-loussouarn.com\/index.php\/wp-json\/wp\/v2\/pages\/851\/revisions"}],"predecessor-version":[{"id":853,"href":"https:\/\/samuel-loussouarn.com\/index.php\/wp-json\/wp\/v2\/pages\/851\/revisions\/853"}],"wp:attachment":[{"href":"https:\/\/samuel-loussouarn.com\/index.php\/wp-json\/wp\/v2\/media?parent=851"}],"curies":[{"name":"wp","href":"https:\/\/api.w.org\/{rel}","templated":true}]}}