{"id":691,"date":"2021-10-11T15:06:11","date_gmt":"2021-10-11T13:06:11","guid":{"rendered":"https:\/\/samuel-loussouarn.com\/?post_type=product&#038;p=691"},"modified":"2026-05-03T00:04:10","modified_gmt":"2026-05-02T22:04:10","slug":"pack-de-4-cartes-postales","status":"publish","type":"product","link":"https:\/\/samuel-loussouarn.com\/index.php\/product\/pack-de-4-cartes-postales\/","title":{"rendered":"Pack de 4 cartes postales &#8220;surf&#8221;"},"content":{"rendered":"<div id=\"fb-root\"><\/div>\n<p>\u00c9crivez \u00e0 votre grand-tante pour lui raconter votre dernier roller \u00e0 midi ! D\u00e9corez votre r\u00e9frig\u00e9rateur avec une touche &#8220;surf&#8221; ! Ins\u00e9rez un marque-page local et \u00e9co-responsable dans votre livre ! Quatre cartes postales, mille possibilit\u00e9s&#8230;<\/p>\n<p><strong>D\u00c9TAILS<\/strong><\/p>\n<p>Recto couleur<\/p>\n<div class=\"page\" title=\"Page 1\">\n<div class=\"layoutArea\">\n<div class=\"column\">\n<p>10,5 x 15,0 cm<\/p>\n<\/div>\n<\/div>\n<\/div>\n<p>Timbre non inclus !<\/p>\n<p><strong>LES RECTOS<\/strong><\/p>\n<p><img loading=\"lazy\" class=\"alignnone size-medium wp-image-698\" src=\"https:\/\/samuel-loussouarn.com\/wp-content\/uploads\/2021\/10\/cartes_postales_fabrication4-218x300.jpg\" alt=\"\" width=\"218\" height=\"300\" srcset=\"https:\/\/samuel-loussouarn.com\/wp-content\/uploads\/2021\/10\/cartes_postales_fabrication4-218x300.jpg 218w, https:\/\/samuel-loussouarn.com\/wp-content\/uploads\/2021\/10\/cartes_postales_fabrication4-744x1024.jpg 744w, https:\/\/samuel-loussouarn.com\/wp-content\/uploads\/2021\/10\/cartes_postales_fabrication4-768x1057.jpg 768w, https:\/\/samuel-loussouarn.com\/wp-content\/uploads\/2021\/10\/cartes_postales_fabrication4-1116x1536.jpg 1116w, https:\/\/samuel-loussouarn.com\/wp-content\/uploads\/2021\/10\/cartes_postales_fabrication4-1489x2048.jpg 1489w, https:\/\/samuel-loussouarn.com\/wp-content\/uploads\/2021\/10\/cartes_postales_fabrication4-600x825.jpg 600w, https:\/\/samuel-loussouarn.com\/wp-content\/uploads\/2021\/10\/cartes_postales_fabrication4-scaled.jpg 1861w\" sizes=\"(max-width: 218px) 100vw, 218px\" \/><img loading=\"lazy\" class=\"alignnone size-medium wp-image-697\" src=\"https:\/\/samuel-loussouarn.com\/wp-content\/uploads\/2021\/10\/cartes_postales_fabrication5-300x218.jpg\" alt=\"\" width=\"300\" height=\"218\" srcset=\"https:\/\/samuel-loussouarn.com\/wp-content\/uploads\/2021\/10\/cartes_postales_fabrication5-300x218.jpg 300w, https:\/\/samuel-loussouarn.com\/wp-content\/uploads\/2021\/10\/cartes_postales_fabrication5-1024x744.jpg 1024w, https:\/\/samuel-loussouarn.com\/wp-content\/uploads\/2021\/10\/cartes_postales_fabrication5-768x558.jpg 768w, https:\/\/samuel-loussouarn.com\/wp-content\/uploads\/2021\/10\/cartes_postales_fabrication5-1536x1116.jpg 1536w, https:\/\/samuel-loussouarn.com\/wp-content\/uploads\/2021\/10\/cartes_postales_fabrication5-2048x1489.jpg 2048w, https:\/\/samuel-loussouarn.com\/wp-content\/uploads\/2021\/10\/cartes_postales_fabrication5-413x300.jpg 413w, https:\/\/samuel-loussouarn.com\/wp-content\/uploads\/2021\/10\/cartes_postales_fabrication5-600x436.jpg 600w\" sizes=\"(max-width: 300px) 100vw, 300px\" \/><\/p>\n<p><img loading=\"lazy\" class=\"alignnone size-medium wp-image-695\" src=\"https:\/\/samuel-loussouarn.com\/wp-content\/uploads\/2021\/10\/cartes_postales_fabrication3-218x300.jpg\" alt=\"\" width=\"218\" height=\"300\" srcset=\"https:\/\/samuel-loussouarn.com\/wp-content\/uploads\/2021\/10\/cartes_postales_fabrication3-218x300.jpg 218w, https:\/\/samuel-loussouarn.com\/wp-content\/uploads\/2021\/10\/cartes_postales_fabrication3-744x1024.jpg 744w, https:\/\/samuel-loussouarn.com\/wp-content\/uploads\/2021\/10\/cartes_postales_fabrication3-768x1057.jpg 768w, https:\/\/samuel-loussouarn.com\/wp-content\/uploads\/2021\/10\/cartes_postales_fabrication3-1116x1536.jpg 1116w, https:\/\/samuel-loussouarn.com\/wp-content\/uploads\/2021\/10\/cartes_postales_fabrication3-1489x2048.jpg 1489w, https:\/\/samuel-loussouarn.com\/wp-content\/uploads\/2021\/10\/cartes_postales_fabrication3-600x825.jpg 600w, https:\/\/samuel-loussouarn.com\/wp-content\/uploads\/2021\/10\/cartes_postales_fabrication3-scaled.jpg 1861w\" sizes=\"(max-width: 218px) 100vw, 218px\" \/><img loading=\"lazy\" class=\"alignnone size-medium wp-image-696\" src=\"https:\/\/samuel-loussouarn.com\/wp-content\/uploads\/2021\/10\/cartes_postales_fabrication-300x218.jpg\" alt=\"\" width=\"300\" height=\"218\" srcset=\"https:\/\/samuel-loussouarn.com\/wp-content\/uploads\/2021\/10\/cartes_postales_fabrication-300x218.jpg 300w, https:\/\/samuel-loussouarn.com\/wp-content\/uploads\/2021\/10\/cartes_postales_fabrication-1024x744.jpg 1024w, https:\/\/samuel-loussouarn.com\/wp-content\/uploads\/2021\/10\/cartes_postales_fabrication-768x558.jpg 768w, https:\/\/samuel-loussouarn.com\/wp-content\/uploads\/2021\/10\/cartes_postales_fabrication-1536x1116.jpg 1536w, https:\/\/samuel-loussouarn.com\/wp-content\/uploads\/2021\/10\/cartes_postales_fabrication-2048x1489.jpg 2048w, https:\/\/samuel-loussouarn.com\/wp-content\/uploads\/2021\/10\/cartes_postales_fabrication-413x300.jpg 413w, https:\/\/samuel-loussouarn.com\/wp-content\/uploads\/2021\/10\/cartes_postales_fabrication-600x436.jpg 600w\" sizes=\"(max-width: 300px) 100vw, 300px\" \/><\/p>\n<p><strong>LE VERSO<\/strong><\/p>\n<p><img loading=\"lazy\" class=\"alignnone size-medium wp-image-694\" src=\"https:\/\/samuel-loussouarn.com\/wp-content\/uploads\/2021\/10\/cartes_postales_fabrication2-300x218.jpg\" alt=\"\" width=\"300\" height=\"218\" srcset=\"https:\/\/samuel-loussouarn.com\/wp-content\/uploads\/2021\/10\/cartes_postales_fabrication2-300x218.jpg 300w, https:\/\/samuel-loussouarn.com\/wp-content\/uploads\/2021\/10\/cartes_postales_fabrication2-1024x744.jpg 1024w, https:\/\/samuel-loussouarn.com\/wp-content\/uploads\/2021\/10\/cartes_postales_fabrication2-768x558.jpg 768w, https:\/\/samuel-loussouarn.com\/wp-content\/uploads\/2021\/10\/cartes_postales_fabrication2-1536x1116.jpg 1536w, https:\/\/samuel-loussouarn.com\/wp-content\/uploads\/2021\/10\/cartes_postales_fabrication2-2048x1489.jpg 2048w, https:\/\/samuel-loussouarn.com\/wp-content\/uploads\/2021\/10\/cartes_postales_fabrication2-413x300.jpg 413w, https:\/\/samuel-loussouarn.com\/wp-content\/uploads\/2021\/10\/cartes_postales_fabrication2-600x436.jpg 600w\" sizes=\"(max-width: 300px) 100vw, 300px\" \/><\/p>\n","protected":false},"excerpt":{"rendered":"<p>\u00c9crivez \u00e0 votre grand-tante pour lui raconter votre dernier roller \u00e0 midi ! D\u00e9corez votre r\u00e9frig\u00e9rateur avec une touche &#8220;surf&#8221; ! Ins\u00e9rez un marque-page local et \u00e9co-responsable dans votre livre ! Quatre cartes postales, mille possibilit\u00e9s&#8230; D\u00c9TAILS Recto couleur 10,5 x 15,0 cm Timbre non inclus ! LES RECTOS LE VERSO<\/p>\n","protected":false},"featured_media":692,"comment_status":"open","ping_status":"closed","template":"","meta":{"spay_email":""},"product_cat":[26],"product_tag":[23,27,21,25,24,22],"_links":{"self":[{"href":"https:\/\/samuel-loussouarn.com\/index.php\/wp-json\/wp\/v2\/product\/691"}],"collection":[{"href":"https:\/\/samuel-loussouarn.com\/index.php\/wp-json\/wp\/v2\/product"}],"about":[{"href":"https:\/\/samuel-loussouarn.com\/index.php\/wp-json\/wp\/v2\/types\/product"}],"replies":[{"embeddable":true,"href":"https:\/\/samuel-loussouarn.com\/index.php\/wp-json\/wp\/v2\/comments?post=691"}],"wp:featuredmedia":[{"embeddable":true,"href":"https:\/\/samuel-loussouarn.com\/index.php\/wp-json\/wp\/v2\/media\/692"}],"wp:attachment":[{"href":"https:\/\/samuel-loussouarn.com\/index.php\/wp-json\/wp\/v2\/media?parent=691"}],"wp:term":[{"taxonomy":"product_cat","embeddable":true,"href":"https:\/\/samuel-loussouarn.com\/index.php\/wp-json\/wp\/v2\/product_cat?post=691"},{"taxonomy":"product_tag","embeddable":true,"href":"https:\/\/samuel-loussouarn.com\/index.php\/wp-json\/wp\/v2\/product_tag?post=691"}],"curies":[{"name":"wp","href":"https:\/\/api.w.org\/{rel}","templated":true}]}}